{"id":3978,"date":"2018-03-26T09:07:21","date_gmt":"2018-03-26T09:07:21","guid":{"rendered":"http:\/\/www.keskumaki.fi\/www\/?page_id=3978"},"modified":"2025-10-22T11:57:02","modified_gmt":"2025-10-22T11:57:02","slug":"yhteystiedot","status":"publish","type":"page","link":"https:\/\/www.keskumaki.fi\/www\/yhteystiedot\/","title":{"rendered":"Yhteystiedot"},"content":{"rendered":"\t\t<div data-elementor-type=\"wp-page\" data-elementor-id=\"3978\" class=\"elementor elementor-3978\">\n\t\t\t\t<div class=\"elementor-element elementor-element-3a8e391 e-flex e-con-boxed e-con e-parent\" data-id=\"3a8e391\" data-element_type=\"container\">\n\t\t\t\t\t<div class=\"e-con-inner\">\n\t\t<div class=\"elementor-element elementor-element-1de5f20 e-con-full e-flex e-con e-child\" data-id=\"1de5f20\" data-element_type=\"container\">\n\t\t\t\t<div class=\"elementor-element elementor-element-e71361c elementor-widget elementor-widget-text-editor\" data-id=\"e71361c\" data-element_type=\"widget\" data-widget_type=\"text-editor.default\">\n\t\t\t\t\t\t\t\t\t<p><strong>Puutarha Keskum\u00e4ki<\/strong><br \/>Kaunistontie 270<br \/>38280 SASTAMALA<br \/>Y-tunnus: 1858946-6<\/p><p>044 502 0577 (Sofia)<\/p><p>045 843 8707 (puutarha)<\/p><p>E-mail: myynti@keskumaki.fi<\/p><p>\u00a0<\/p><p>Kes\u00e4kukkia myynniss\u00e4 touko-kes\u00e4kuu, tai niin kauan kuin tuotteita riitt\u00e4\u00e4. Vihannekset ja kasvikset myynniss\u00e4 sadonkorjuuaikojen mukaan. Soittamalla etuk\u00e4teen varmistat tietyn tuotteen saatavuuden. Puutarhalla, myym\u00e4l\u00f6iss\u00e4 ja torilla maksutapana k\u00e4teinen tai korttimaksu.<\/p>\t\t\t\t\t\t\t\t<\/div>\n\t\t\t\t<\/div>\n\t\t<div class=\"elementor-element elementor-element-915eb10 e-con-full e-flex e-con e-child\" data-id=\"915eb10\" data-element_type=\"container\">\n\t\t\t\t<div class=\"elementor-element elementor-element-c462e99 elementor-widget elementor-widget-google_maps\" data-id=\"c462e99\" data-element_type=\"widget\" data-widget_type=\"google_maps.default\">\n\t\t\t\t\t\t\t<div class=\"elementor-custom-embed\">\n\t\t\t<iframe loading=\"lazy\"\n\t\t\t\t\tsrc=\"https:\/\/maps.google.com\/maps?q=Kaunistontie%20270%2C%2038280%20SASTAMALA&#038;t=m&#038;z=10&#038;output=embed&#038;iwloc=near\"\n\t\t\t\t\ttitle=\"Kaunistontie 270, 38280 SASTAMALA\"\n\t\t\t\t\taria-label=\"Kaunistontie 270, 38280 SASTAMALA\"\n\t\t\t><\/iframe>\n\t\t<\/div>\n\t\t\t\t\t\t<\/div>\n\t\t<div class=\"elementor-element elementor-element-bcd26fc e-grid e-con-full e-con e-child\" data-id=\"bcd26fc\" data-element_type=\"container\">\n\t\t\t\t<div class=\"elementor-element elementor-element-f065d53 elementor-widget elementor-widget-text-editor\" data-id=\"f065d53\" data-element_type=\"widget\" data-widget_type=\"text-editor.default\">\n\t\t\t\t\t\t\t\t\t<p><strong>Puutarha avoinna<\/strong><br \/>alkukes\u00e4st\u00e4 juhannukseen saakka<br \/>ark. 8-19, la 9-16, su 10-16<br \/>Muina aikoina sopimuksen mukaan.<\/p><p><strong>Vammalan tori<\/strong><br \/>Huhtikuu \u2013 Lokakuu<br \/>ke, la 7-14<\/p>\t\t\t\t\t\t\t\t<\/div>\n\t\t\t\t<div class=\"elementor-element elementor-element-8fbd5d9 elementor-widget elementor-widget-text-editor\" data-id=\"8fbd5d9\" data-element_type=\"widget\" data-widget_type=\"text-editor.default\">\n\t\t\t\t\t\t\t\t\t<p><strong>Punkalaidun<br \/>Pourun piha<\/strong><br \/>Toukokuu \u2013 Juhannus<br \/>Palvelemme arkisin klo 10-18<br \/>la 9-15, su 11-15<\/p>\t\t\t\t\t\t\t\t<\/div>\n\t\t\t\t<\/div>\n\t\t\t\t<\/div>\n\t\t\t\t\t<\/div>\n\t\t\t\t<\/div>\n\t\t\t\t<\/div>\n\t\t","protected":false},"excerpt":{"rendered":"<p>Puutarha Keskum\u00e4kiKaunistontie 27038280 SASTAMALAY-tunnus: 1858946-6 044 502 0577 (Sofia) 045 843 8707 (puutarha) E-mail: myynti@keskumaki.fi \u00a0 Kes\u00e4kukkia myynniss\u00e4 touko-kes\u00e4kuu, tai niin kauan kuin tuotteita riitt\u00e4\u00e4. Vihannekset ja kasvikset myynniss\u00e4 sadonkorjuuaikojen mukaan. Soittamalla etuk\u00e4teen varmistat tietyn tuotteen saatavuuden. Puutarhalla, myym\u00e4l\u00f6iss\u00e4 ja torilla maksutapana k\u00e4teinen tai korttimaksu. Puutarha avoinnaalkukes\u00e4st\u00e4 juhannukseen saakkaark. 8-19, la 9-16, su 10-16Muina aikoina [&hellip;]<\/p>\n","protected":false},"author":1,"featured_media":0,"parent":0,"menu_order":0,"comment_status":"closed","ping_status":"closed","template":"","meta":{"_monsterinsights_skip_tracking":false,"_monsterinsights_sitenote_active":false,"_monsterinsights_sitenote_note":"","_monsterinsights_sitenote_category":0,"footnotes":""},"class_list":["post-3978","page","type-page","status-publish","hentry"],"_links":{"self":[{"href":"https:\/\/www.keskumaki.fi\/www\/wp-json\/wp\/v2\/pages\/3978","targetHints":{"allow":["GET"]}}],"collection":[{"href":"https:\/\/www.keskumaki.fi\/www\/wp-json\/wp\/v2\/pages"}],"about":[{"href":"https:\/\/www.keskumaki.fi\/www\/wp-json\/wp\/v2\/types\/page"}],"author":[{"embeddable":true,"href":"https:\/\/www.keskumaki.fi\/www\/wp-json\/wp\/v2\/users\/1"}],"replies":[{"embeddable":true,"href":"https:\/\/www.keskumaki.fi\/www\/wp-json\/wp\/v2\/comments?post=3978"}],"version-history":[{"count":29,"href":"https:\/\/www.keskumaki.fi\/www\/wp-json\/wp\/v2\/pages\/3978\/revisions"}],"predecessor-version":[{"id":4567,"href":"https:\/\/www.keskumaki.fi\/www\/wp-json\/wp\/v2\/pages\/3978\/revisions\/4567"}],"wp:attachment":[{"href":"https:\/\/www.keskumaki.fi\/www\/wp-json\/wp\/v2\/media?parent=3978"}],"curies":[{"name":"wp","href":"https:\/\/api.w.org\/{rel}","templated":true}]}}